{"id":266,"date":"2022-03-30T11:48:19","date_gmt":"2022-03-30T11:48:19","guid":{"rendered":"https:\/\/amtpfosh.es\/v-congreso-iberico\/?page_id=266"},"modified":"2022-09-19T11:47:12","modified_gmt":"2022-09-19T11:47:12","slug":"inscripcion-grupo","status":"publish","type":"page","link":"https:\/\/amtpfosh.es\/v-congreso-iberico\/inscripcion-grupo\/","title":{"rendered":"Inscripci\u00f3n grupo"},"content":{"rendered":"[vc_row type=\u00bbin_container\u00bb full_screen_row_position=\u00bbmiddle\u00bb scene_position=\u00bbcenter\u00bb text_color=\u00bbdark\u00bb text_align=\u00bbleft\u00bb overlay_strength=\u00bb0.3&#8243; shape_divider_position=\u00bbbottom\u00bb bg_image_animation=\u00bbnone\u00bb][vc_column column_padding=\u00bbno-extra-padding\u00bb column_padding_position=\u00bball\u00bb background_color_opacity=\u00bb1&#8243; background_hover_color_opacity=\u00bb1&#8243; column_link_target=\u00bb_self\u00bb column_shadow=\u00bbnone\u00bb column_border_radius=\u00bbnone\u00bb width=\u00bb1\/1&#8243; tablet_width_inherit=\u00bbdefault\u00bb tablet_text_alignment=\u00bbdefault\u00bb phone_text_alignment=\u00bbdefault\u00bb column_border_width=\u00bbnone\u00bb column_border_style=\u00bbsolid\u00bb bg_image_animation=\u00bbnone\u00bb][vc_custom_heading text=\u00bbInscripci\u00f3n &#8211; Grupo\u00bb font_container=\u00bbtag:h2|text_align:center|color:%23072e3f\u00bb use_theme_fonts=\u00bbyes\u00bb][vc_column_text]Si ustedes son socios de AMTPFOSH o de FEATF, rellene a continuaci\u00f3n el siguiente formulario para inscribir a su grupo de entre 8 a 15 personas en el evento.<\/p>\n<p>El precio por persona para socios es de 205\u20ac.[\/vc_column_text]\n<div class=\"wpcf7 no-js\" id=\"wpcf7-f262-o1\" lang=\"es-ES\" dir=\"ltr\">\n<div class=\"screen-reader-response\"><p role=\"status\" aria-live=\"polite\" aria-atomic=\"true\"><\/p> <ul><\/ul><\/div>\n<form action=\"\/v-congreso-iberico\/wp-json\/wp\/v2\/pages\/266#wpcf7-f262-o1\" method=\"post\" class=\"wpcf7-form init\" aria-label=\"Formulario de contacto\" novalidate=\"novalidate\" data-status=\"init\">\n<div style=\"display: none;\">\n<input type=\"hidden\" name=\"_wpcf7\" value=\"262\" \/>\n<input type=\"hidden\" name=\"_wpcf7_version\" value=\"5.7.7\" \/>\n<input type=\"hidden\" name=\"_wpcf7_locale\" value=\"es_ES\" \/>\n<input type=\"hidden\" name=\"_wpcf7_unit_tag\" value=\"wpcf7-f262-o1\" \/>\n<input type=\"hidden\" name=\"_wpcf7_container_post\" value=\"0\" \/>\n<input type=\"hidden\" name=\"_wpcf7_posted_data_hash\" value=\"\" \/>\n<\/div>\n<input class=\"wpcf7-form-control wpcf7-hidden\" value=\"Inscripci\u00f3n V Congreso Ib\u00e9rico (Grupo socios)\" type=\"hidden\" name=\"desc\" \/>\n<p><label>Nombre del grupo<br \/>\n<span class=\"wpcf7-form-control-wrap\" data-name=\"nombre-grupo\"><input size=\"40\" class=\"wpcf7-form-control wpcf7-text wpcf7-validates-as-required\" aria-required=\"true\" aria-invalid=\"false\" value=\"\" type=\"text\" name=\"nombre-grupo\" \/><\/span> <\/label>\n<\/p>\n<p><label>N\u00famero de participantes<br \/>\n<span class=\"wpcf7-form-control-wrap\" data-name=\"c\"><select class=\"wpcf7-form-control wpcf7-select\" aria-invalid=\"false\" name=\"c\"><option value=\"8\">8<\/option><option value=\"9\">9<\/option><option value=\"10\">10<\/option><option value=\"11\">11<\/option><option value=\"12\">12<\/option><option value=\"13\">13<\/option><option value=\"14\">14<\/option><option value=\"15\">15<\/option><\/select><\/span> <\/label>\n<\/p>\n<p><label>Actividad del grupo<br \/>\n<span class=\"wpcf7-form-control-wrap\" data-name=\"actividad\"><input size=\"40\" class=\"wpcf7-form-control wpcf7-text wpcf7-validates-as-required\" aria-required=\"true\" aria-invalid=\"false\" value=\"\" type=\"text\" name=\"actividad\" \/><\/span> <\/label>\n<\/p>\n<p><label>Nombre del responsable<br \/>\n<span class=\"wpcf7-form-control-wrap\" data-name=\"your-name\"><input size=\"40\" class=\"wpcf7-form-control wpcf7-text wpcf7-validates-as-required\" aria-required=\"true\" aria-invalid=\"false\" value=\"\" type=\"text\" name=\"your-name\" \/><\/span> <\/label>\n<\/p>\n<p><label>Apellidos del responsable<br \/>\n<span class=\"wpcf7-form-control-wrap\" data-name=\"apellidos\"><input size=\"40\" class=\"wpcf7-form-control wpcf7-text wpcf7-validates-as-required\" aria-required=\"true\" aria-invalid=\"false\" value=\"\" type=\"text\" name=\"apellidos\" \/><\/span> <\/label>\n<\/p>\n<p><label>DNI\/NIF del responsable<br \/>\n<span class=\"wpcf7-form-control-wrap\" data-name=\"np\"><input size=\"40\" class=\"wpcf7-form-control wpcf7-text wpcf7-validates-as-required\" aria-required=\"true\" aria-invalid=\"false\" value=\"\" type=\"text\" name=\"np\" \/><\/span> <\/label>\n<\/p>\n<p><label>Correo electr\u00f3nico del responsable<br \/>\n<span class=\"wpcf7-form-control-wrap\" data-name=\"your-email\"><input size=\"40\" class=\"wpcf7-form-control wpcf7-text wpcf7-email wpcf7-validates-as-required wpcf7-validates-as-email\" aria-required=\"true\" aria-invalid=\"false\" value=\"\" type=\"email\" name=\"your-email\" \/><\/span> <\/label>\n<\/p>\n<p><label>Tel\u00e9fono del responsable<br \/>\n<span class=\"wpcf7-form-control-wrap\" data-name=\"telefono\"><input size=\"40\" class=\"wpcf7-form-control wpcf7-text\" aria-invalid=\"false\" value=\"\" type=\"text\" name=\"telefono\" \/><\/span> <\/label>\n<\/p>\n<p><label> Motivaci\u00f3n del grupo para inscribirse en el congreso (opcional)<br \/>\n<span class=\"wpcf7-form-control-wrap\" data-name=\"your-message\"><textarea cols=\"40\" rows=\"10\" class=\"wpcf7-form-control wpcf7-textarea\" aria-invalid=\"false\" name=\"your-message\"><\/textarea><\/span> <\/label>\n<\/p>\n<p><label>\u00bfAsistir\u00e1 a la cena del congreso?<br \/>\n<span class=\"wpcf7-form-control-wrap\" data-name=\"menu-cena\"><select class=\"wpcf7-form-control wpcf7-select wpcf7-validates-as-required\" aria-required=\"true\" aria-invalid=\"false\" name=\"menu-cena\"><option value=\"\">&#8212;Por favor, elige una opci\u00f3n&#8212;<\/option><option value=\"Si\">Si<\/option><option value=\"No\">No<\/option><\/select><\/span><br \/>\n<\/label>\n<\/p>\n<p style=\"margin-top: 24px; color: #999; font-size: 14px;\"><span class=\"wpcf7-form-control-wrap\" data-name=\"checkbox-362\"><span class=\"wpcf7-form-control wpcf7-checkbox\"><span class=\"wpcf7-list-item first last\"><label><input type=\"checkbox\" name=\"checkbox-362[]\" value=\"Suscr\u00edbase para recibir notificaciones sobre las noticias de AMTPFOSH\" \/><span class=\"wpcf7-list-item-label\">Suscr\u00edbase para recibir notificaciones sobre las noticias de AMTPFOSH<\/span><\/label><\/span><\/span><\/span>\n<\/p>\n<p style=\"margin-top: 24px; color: #999; font-size: 14px;\"><span class=\"wpcf7-form-control-wrap\" data-name=\"acceptance-916\"><span class=\"wpcf7-form-control wpcf7-acceptance\"><span class=\"wpcf7-list-item\"><label><input type=\"checkbox\" name=\"acceptance-916\" value=\"1\" aria-invalid=\"false\" \/><span class=\"wpcf7-list-item-label\">Consiento el tratamiento de mis datos seg\u00fan la <a href=\"https:\/\/amtpfosh.es\/politica-privacidad\/\">pol\u00edtica de privacidad<\/a>.<\/span><\/label><\/span><\/span><\/span>\n<\/p>\n\n <!-- <input class=\"wpcf7-form-control has-spinner wpcf7-submit\" type=\"submit\" value=\"Enviar Inscripci\u00f3n\" \/> -->\n<p><strong class=\"nectar-button large regular regular-button\">Inscripciones Cerradas<\/strong>\n<\/p>\n<p style=\"color: #999; font-size: 10px; text-align:justify; line-height:11px;\">En cumplimiento de lo dispuesto por la Ley Org\u00e1nica 15\/1999, de 13 de diciembre, de Protecci\u00f3n de Datos de Car\u00e1cter Personal (LOPD), el abajo firmante autoriza la incorporaci\u00f3n de sus datos en un fichero titularidad de la Asociaci\u00f3n Canaria de Terapia Familiar, alojado en Google Drive, cuya finalidad es la de la gesti\u00f3n, control, seguimiento y evaluaci\u00f3n de las acciones formativas y actividades organizadas por dicha asociaci\u00f3n. Le informamos que podr\u00e1 ejercer su derecho de acceso, rectificaci\u00f3n, cancelaci\u00f3n y oposici\u00f3n respecto a sus datos personales dirigi\u00e9ndose personalmente a la Federaci\u00f3n Espa\u00f1ola de Asociaciones de Terapia Familiar, cuya direcci\u00f3n es C\/ del Carmen 53,1\u00ba izquierda 30201 Cartagena.\n<\/p><div class=\"wpcf7-response-output\" aria-hidden=\"true\"><\/div>\n<\/form>\n<\/div>\n[\/vc_column][\/vc_row]\n","protected":false},"excerpt":{"rendered":"<p>[vc_row type=\u00bbin_container\u00bb full_screen_row_position=\u00bbmiddle\u00bb scene_position=\u00bbcenter\u00bb text_color=\u00bbdark\u00bb text_align=\u00bbleft\u00bb overlay_strength=\u00bb0.3&#8243; shape_divider_position=\u00bbbottom\u00bb bg_image_animation=\u00bbnone\u00bb][vc_column column_padding=\u00bbno-extra-padding\u00bb column_padding_position=\u00bball\u00bb background_color_opacity=\u00bb1&#8243; background_hover_color_opacity=\u00bb1&#8243; column_link_target=\u00bb_self\u00bb column_shadow=\u00bbnone\u00bb column_border_radius=\u00bbnone\u00bb width=\u00bb1\/1&#8243; tablet_width_inherit=\u00bbdefault\u00bb tablet_text_alignment=\u00bbdefault\u00bb phone_text_alignment=\u00bbdefault\u00bb column_border_width=\u00bbnone\u00bb column_border_style=\u00bbsolid\u00bb bg_image_animation=\u00bbnone\u00bb][vc_custom_heading text=\u00bbInscripci\u00f3n &#8211; Grupo\u00bb font_container=\u00bbtag:h2|text_align:center|color:%23072e3f\u00bb use_theme_fonts=\u00bbyes\u00bb][vc_column_text]Si ustedes son&#8230;<\/p>\n","protected":false},"author":3,"featured_media":0,"parent":0,"menu_order":0,"comment_status":"closed","ping_status":"closed","template":"","meta":{"footnotes":""},"class_list":["post-266","page","type-page","status-publish"],"_links":{"self":[{"href":"https:\/\/amtpfosh.es\/v-congreso-iberico\/wp-json\/wp\/v2\/pages\/266","targetHints":{"allow":["GET"]}}],"collection":[{"href":"https:\/\/amtpfosh.es\/v-congreso-iberico\/wp-json\/wp\/v2\/pages"}],"about":[{"href":"https:\/\/amtpfosh.es\/v-congreso-iberico\/wp-json\/wp\/v2\/types\/page"}],"author":[{"embeddable":true,"href":"https:\/\/amtpfosh.es\/v-congreso-iberico\/wp-json\/wp\/v2\/users\/3"}],"replies":[{"embeddable":true,"href":"https:\/\/amtpfosh.es\/v-congreso-iberico\/wp-json\/wp\/v2\/comments?post=266"}],"version-history":[{"count":10,"href":"https:\/\/amtpfosh.es\/v-congreso-iberico\/wp-json\/wp\/v2\/pages\/266\/revisions"}],"predecessor-version":[{"id":492,"href":"https:\/\/amtpfosh.es\/v-congreso-iberico\/wp-json\/wp\/v2\/pages\/266\/revisions\/492"}],"wp:attachment":[{"href":"https:\/\/amtpfosh.es\/v-congreso-iberico\/wp-json\/wp\/v2\/media?parent=266"}],"curies":[{"name":"wp","href":"https:\/\/api.w.org\/{rel}","templated":true}]}}