{"id":308,"date":"2022-03-31T09:08:18","date_gmt":"2022-03-31T09:08:18","guid":{"rendered":"https:\/\/amtpfosh.es\/v-congreso-iberico\/?page_id=308"},"modified":"2022-11-03T14:28:31","modified_gmt":"2022-11-03T14:28:31","slug":"comunicaciones-orales","status":"publish","type":"page","link":"https:\/\/amtpfosh.es\/v-congreso-iberico\/comunicaciones-orales\/","title":{"rendered":"Comunicaciones Orales"},"content":{"rendered":"[vc_row type=\u00bbin_container\u00bb full_screen_row_position=\u00bbmiddle\u00bb scene_position=\u00bbcenter\u00bb text_color=\u00bbdark\u00bb text_align=\u00bbleft\u00bb overlay_strength=\u00bb0.3&#8243; shape_divider_position=\u00bbbottom\u00bb bg_image_animation=\u00bbnone\u00bb][vc_column column_padding=\u00bbno-extra-padding\u00bb column_padding_position=\u00bball\u00bb background_color_opacity=\u00bb1&#8243; background_hover_color_opacity=\u00bb1&#8243; column_link_target=\u00bb_self\u00bb column_shadow=\u00bbnone\u00bb column_border_radius=\u00bbnone\u00bb width=\u00bb1\/1&#8243; tablet_width_inherit=\u00bbdefault\u00bb tablet_text_alignment=\u00bbdefault\u00bb phone_text_alignment=\u00bbdefault\u00bb column_border_width=\u00bbnone\u00bb column_border_style=\u00bbsolid\u00bb bg_image_animation=\u00bbnone\u00bb][vc_custom_heading text=\u00bbComunicaciones Orales &#8211; Comunica\u00e7\u00f5es Orais\u00bb font_container=\u00bbtag:h2|text_align:center|color:%23072e3f\u00bb use_theme_fonts=\u00bbyes\u00bb][divider line_type=\u00bbNo Line\u00bb custom_height=\u00bb30&#8243;][tabbed_section style=\u00bbdefault\u00bb alignment=\u00bbleft\u00bb spacing=\u00bbdefault\u00bb tab_color=\u00bbAccent-Color\u00bb][tab icon_family=\u00bbnone\u00bb title=\u00bbComunicaciones Orales\u00bb id=\u00bb1667470721039-3&#8243; tab_id=\u00bb1667470721040-7&#8243;][vc_column_text]Se invita a presentar propuestas de Comunicaciones Orales en el \u00e1mbito tem\u00e1tico del Congreso. Las propuestas deben ser presentadas seg\u00fan el siguiente formato: T\u00edtulo (m\u00e1ximo 10 palabras), junto con un resumen de la presentaci\u00f3n (m\u00e1ximo 300 palabras), y los siguientes datos: nombre y dos apellidos del autor o autores, email, tel\u00e9fono, profesi\u00f3n, lugar de trabajo de cada autor.<\/p>\n<p>Cada sesi\u00f3n de Comunicaciones Orales tiene una duraci\u00f3n de 90 minutos, previ\u00e9ndose un tiempo de 15 minutos para cada una de ellas.<\/p>\n<p>Al menos uno de los Oradores deben estar inscritos en el Congreso.<\/p>\n<p>Las propuestas deben enviarse como archivo de texto adjunto a un correo electr\u00f3nico a la siguiente direcci\u00f3n: congreso.amtpfosh@gmail.com<br \/>\nLa fecha l\u00edmite para su env\u00edo es el 19 de septiembre de 2022.[\/vc_column_text][\/tab][tab icon_family=\u00bbnone\u00bb title=\u00bbComunica\u00e7\u00f5es Orais\u00bb id=\u00bb1667470721071-5&#8243; tab_id=\u00bb1667470721072-5&#8243;][vc_column_text]Convida-se \u00e0 submiss\u00e3o de comunica\u00e7\u00f5es orais no \u00e2mbitos tem\u00e1ticos do congresso. As submiss\u00f5es devem ser apresentadas no seguinte formato: t\u00edtulo (m\u00e1ximo 10 palavras) e um resumo da apresenta\u00e7\u00e3o (m\u00e1ximo 300 palavras) e os seguintes dados: nome e dois sobrenomes do autor ou autores, e-mail, telefone, profiss\u00e3o, local de trabalho de cada autor.<br \/>\nCada sess\u00e3o de comunica\u00e7\u00f5es orais tem a dura\u00e7\u00e3o de 75 minutos, prevendo um tempo de 15 minutos para cada um deles.<\/p>\n<p>Ao menos um dos os oradores devem estar inscritos no congresso.<\/p>\n<p>As propostas devem ser enviadas em arquivo de texto anexado a um e-mail para o seguinte endere\u00e7o: congreso.amtpfosh@gmail.com<br \/>\nData limite para as submiss\u00f5es: 19 de setembro de 2022[\/vc_column_text][\/tab][\/tabbed_section][\/vc_column][\/vc_row][vc_row type=\u00bbin_container\u00bb full_screen_row_position=\u00bbmiddle\u00bb scene_position=\u00bbcenter\u00bb text_color=\u00bbdark\u00bb text_align=\u00bbcenter\u00bb overlay_strength=\u00bb0.3&#8243; shape_divider_position=\u00bbbottom\u00bb bg_image_animation=\u00bbnone\u00bb shape_type=\u00bb\u00bb][vc_column column_padding=\u00bbno-extra-padding\u00bb column_padding_position=\u00bball\u00bb background_color_opacity=\u00bb1&#8243; background_hover_color_opacity=\u00bb1&#8243; column_link_target=\u00bb_self\u00bb column_shadow=\u00bbnone\u00bb column_border_radius=\u00bbnone\u00bb width=\u00bb1\/1&#8243; tablet_width_inherit=\u00bbdefault\u00bb tablet_text_alignment=\u00bbdefault\u00bb phone_text_alignment=\u00bbdefault\u00bb column_border_width=\u00bbnone\u00bb column_border_style=\u00bbsolid\u00bb bg_image_animation=\u00bbnone\u00bb][nectar_btn size=\u00bblarge\u00bb open_new_tab=\u00bbtrue\u00bb button_style=\u00bbregular\u00bb button_color_2=\u00bbAccent-Color\u00bb icon_family=\u00bbfontawesome\u00bb url=\u00bbhttps:\/\/amtpfosh.es\/v-congreso-iberico\/wp-content\/uploads\/2022\/11\/Comunicaciones-Iberico.pdf\u00bb text=\u00bbComunicaciones Orales\u00bb icon_fontawesome=\u00bbfa fa-download\u00bb][\/vc_column][\/vc_row]\n","protected":false},"excerpt":{"rendered":"<p>[vc_row type=\u00bbin_container\u00bb full_screen_row_position=\u00bbmiddle\u00bb scene_position=\u00bbcenter\u00bb text_color=\u00bbdark\u00bb text_align=\u00bbleft\u00bb overlay_strength=\u00bb0.3&#8243; shape_divider_position=\u00bbbottom\u00bb bg_image_animation=\u00bbnone\u00bb][vc_column column_padding=\u00bbno-extra-padding\u00bb column_padding_position=\u00bball\u00bb background_color_opacity=\u00bb1&#8243; background_hover_color_opacity=\u00bb1&#8243; column_link_target=\u00bb_self\u00bb column_shadow=\u00bbnone\u00bb column_border_radius=\u00bbnone\u00bb width=\u00bb1\/1&#8243; tablet_width_inherit=\u00bbdefault\u00bb tablet_text_alignment=\u00bbdefault\u00bb phone_text_alignment=\u00bbdefault\u00bb column_border_width=\u00bbnone\u00bb column_border_style=\u00bbsolid\u00bb bg_image_animation=\u00bbnone\u00bb][vc_custom_heading text=\u00bbComunicaciones Orales &#8211; Comunica\u00e7\u00f5es Orais\u00bb font_container=\u00bbtag:h2|text_align:center|color:%23072e3f\u00bb use_theme_fonts=\u00bbyes\u00bb][divider&#8230;<\/p>\n","protected":false},"author":3,"featured_media":0,"parent":0,"menu_order":0,"comment_status":"closed","ping_status":"closed","template":"","meta":{"footnotes":""},"class_list":["post-308","page","type-page","status-publish"],"_links":{"self":[{"href":"https:\/\/amtpfosh.es\/v-congreso-iberico\/wp-json\/wp\/v2\/pages\/308","targetHints":{"allow":["GET"]}}],"collection":[{"href":"https:\/\/amtpfosh.es\/v-congreso-iberico\/wp-json\/wp\/v2\/pages"}],"about":[{"href":"https:\/\/amtpfosh.es\/v-congreso-iberico\/wp-json\/wp\/v2\/types\/page"}],"author":[{"embeddable":true,"href":"https:\/\/amtpfosh.es\/v-congreso-iberico\/wp-json\/wp\/v2\/users\/3"}],"replies":[{"embeddable":true,"href":"https:\/\/amtpfosh.es\/v-congreso-iberico\/wp-json\/wp\/v2\/comments?post=308"}],"version-history":[{"count":11,"href":"https:\/\/amtpfosh.es\/v-congreso-iberico\/wp-json\/wp\/v2\/pages\/308\/revisions"}],"predecessor-version":[{"id":310,"href":"https:\/\/amtpfosh.es\/v-congreso-iberico\/wp-json\/wp\/v2\/pages\/308\/revisions\/310"}],"wp:attachment":[{"href":"https:\/\/amtpfosh.es\/v-congreso-iberico\/wp-json\/wp\/v2\/media?parent=308"}],"curies":[{"name":"wp","href":"https:\/\/api.w.org\/{rel}","templated":true}]}}