{"id":314,"date":"2022-03-31T09:26:02","date_gmt":"2022-03-31T09:26:02","guid":{"rendered":"https:\/\/amtpfosh.es\/v-congreso-iberico\/?page_id=314"},"modified":"2022-11-03T14:32:23","modified_gmt":"2022-11-03T14:32:23","slug":"talleres","status":"publish","type":"page","link":"https:\/\/amtpfosh.es\/v-congreso-iberico\/talleres\/","title":{"rendered":"Talleres"},"content":{"rendered":"[vc_row type=\u00bbin_container\u00bb full_screen_row_position=\u00bbmiddle\u00bb scene_position=\u00bbcenter\u00bb text_color=\u00bbdark\u00bb text_align=\u00bbleft\u00bb overlay_strength=\u00bb0.3&#8243; shape_divider_position=\u00bbbottom\u00bb bg_image_animation=\u00bbnone\u00bb][vc_column column_padding=\u00bbno-extra-padding\u00bb column_padding_position=\u00bball\u00bb background_color_opacity=\u00bb1&#8243; background_hover_color_opacity=\u00bb1&#8243; column_link_target=\u00bb_self\u00bb column_shadow=\u00bbnone\u00bb column_border_radius=\u00bbnone\u00bb width=\u00bb1\/1&#8243; tablet_width_inherit=\u00bbdefault\u00bb tablet_text_alignment=\u00bbdefault\u00bb phone_text_alignment=\u00bbdefault\u00bb column_border_width=\u00bbnone\u00bb column_border_style=\u00bbsolid\u00bb bg_image_animation=\u00bbnone\u00bb][vc_custom_heading text=\u00bbTalleres &#8211; Workshops\u00bb font_container=\u00bbtag:h2|text_align:center|color:%23072e3f\u00bb use_theme_fonts=\u00bbyes\u00bb][divider line_type=\u00bbNo Line\u00bb custom_height=\u00bb30&#8243;][tabbed_section style=\u00bbdefault\u00bb alignment=\u00bbleft\u00bb spacing=\u00bbdefault\u00bb tab_color=\u00bbAccent-Color\u00bb][tab icon_family=\u00bbnone\u00bb title=\u00bbTalleres\u00bb id=\u00bb1667485737697-7&#8243; tab_id=\u00bb1667485737698-7&#8243;][vc_column_text]Se invita a presentar propuestas de Talleres en el \u00e1mbito tem\u00e1tico del Congreso. Los Talleres deben tener un formato pr\u00e1ctico\/experiencial y enfocarse en el desarrollo de competencias de intervenci\u00f3n, cl\u00ednicas, pr\u00e1cticas y te\u00f3rico-pr\u00e1cticas y\/o cuestiones espec\u00edficas relacionadas con el tema del Congreso.<\/p>\n<p>Las propuestas deben ser presentadas seg\u00fan el siguiente formato: T\u00edtulo (m\u00e1ximo 10 palabras), junto con un resumen de la presentaci\u00f3n (m\u00e1ximo 300 palabras).<\/p>\n<p>Cada taller tiene una duraci\u00f3n de 90 minutos y podr\u00e1 ser dinamizado hasta por cuatro personas. Todos los dinamizadores deben estar inscritos en el Congreso.<\/p>\n<p>Las propuestas deben enviarse como archivo de texto adjunto a un correo electr\u00f3nico a la siguiente direcci\u00f3n: congreso.amtpfosh@gmail.com<\/p>\n<p>La fecha l\u00edmite para su env\u00edo es el 19 de septiembre de 2022.[\/vc_column_text][\/tab][tab icon_family=\u00bbnone\u00bb title=\u00bbWorkshops\u00bb id=\u00bb1667485737724-2&#8243; tab_id=\u00bb1667485737725-5&#8243;][vc_column_text]Convida-se \u00e0 submiss\u00e3o de workshops no \u00e2mbitos tem\u00e1ticos do congresso. Os workshops devem assumir um formato pr\u00e1tico\/experiencial e focar o desenvolvimento de compet\u00eancias de interven\u00e7\u00e3o, cl\u00ednicas, pr\u00e1ticas e te\u00f3rico-pr\u00e1ticas e\/ou quest\u00f5es espec\u00edficas no \u00e2mbito das \u00e1reas tem\u00e1ticas do congresso<\/p>\n<p>As submiss\u00f5es devem ser apresentadas no seguinte formato: t\u00edtulo (m\u00e1ximo 10 palavras) e um resumo da apresenta\u00e7\u00e3o (m\u00e1ximo 300 palavras)<\/p>\n<p>Cada workshop tem a dura\u00e7\u00e3o de 1,5 horas e poder\u00e1 ser dinamizado por at\u00e9 4 pessoas. Todos os dinamizadores do Workshop devem estar inscritos no congresso.<\/p>\n<p>As propostas devem ser enviadas em arquivo de texto anexado a um e-mail para o seguinte endere\u00e7o: congreso.amtpfosh@gmail.com<\/p>\n<p>Data limite para as submiss\u00f5es: 19 de setembro de 2022.[\/vc_column_text][\/tab][\/tabbed_section][\/vc_column][\/vc_row][vc_row type=\u00bbin_container\u00bb full_screen_row_position=\u00bbmiddle\u00bb scene_position=\u00bbcenter\u00bb text_color=\u00bbdark\u00bb text_align=\u00bbcenter\u00bb overlay_strength=\u00bb0.3&#8243; shape_divider_position=\u00bbbottom\u00bb bg_image_animation=\u00bbnone\u00bb shape_type=\u00bb\u00bb][vc_column column_padding=\u00bbno-extra-padding\u00bb column_padding_position=\u00bball\u00bb background_color_opacity=\u00bb1&#8243; background_hover_color_opacity=\u00bb1&#8243; column_link_target=\u00bb_self\u00bb column_shadow=\u00bbnone\u00bb column_border_radius=\u00bbnone\u00bb width=\u00bb1\/1&#8243; tablet_width_inherit=\u00bbdefault\u00bb tablet_text_alignment=\u00bbdefault\u00bb phone_text_alignment=\u00bbdefault\u00bb column_border_width=\u00bbnone\u00bb column_border_style=\u00bbsolid\u00bb bg_image_animation=\u00bbnone\u00bb][nectar_btn size=\u00bblarge\u00bb open_new_tab=\u00bbtrue\u00bb button_style=\u00bbregular\u00bb button_color_2=\u00bbAccent-Color\u00bb icon_family=\u00bbfontawesome\u00bb url=\u00bbhttps:\/\/amtpfosh.es\/v-congreso-iberico\/wp-content\/uploads\/2022\/11\/Talleres-Congreso-Iberico-2022.pdf\u00bb text=\u00bbTalleres\u00bb icon_fontawesome=\u00bbfa fa-download\u00bb][\/vc_column][\/vc_row]\n","protected":false},"excerpt":{"rendered":"<p>[vc_row type=\u00bbin_container\u00bb full_screen_row_position=\u00bbmiddle\u00bb scene_position=\u00bbcenter\u00bb text_color=\u00bbdark\u00bb text_align=\u00bbleft\u00bb overlay_strength=\u00bb0.3&#8243; shape_divider_position=\u00bbbottom\u00bb bg_image_animation=\u00bbnone\u00bb][vc_column column_padding=\u00bbno-extra-padding\u00bb column_padding_position=\u00bball\u00bb background_color_opacity=\u00bb1&#8243; background_hover_color_opacity=\u00bb1&#8243; column_link_target=\u00bb_self\u00bb column_shadow=\u00bbnone\u00bb column_border_radius=\u00bbnone\u00bb width=\u00bb1\/1&#8243; tablet_width_inherit=\u00bbdefault\u00bb tablet_text_alignment=\u00bbdefault\u00bb phone_text_alignment=\u00bbdefault\u00bb column_border_width=\u00bbnone\u00bb column_border_style=\u00bbsolid\u00bb bg_image_animation=\u00bbnone\u00bb][vc_custom_heading text=\u00bbTalleres &#8211; Workshops\u00bb font_container=\u00bbtag:h2|text_align:center|color:%23072e3f\u00bb use_theme_fonts=\u00bbyes\u00bb][divider line_type=\u00bbNo Line\u00bb&#8230;<\/p>\n","protected":false},"author":3,"featured_media":0,"parent":0,"menu_order":0,"comment_status":"closed","ping_status":"closed","template":"","meta":{"footnotes":""},"class_list":["post-314","page","type-page","status-publish"],"_links":{"self":[{"href":"https:\/\/amtpfosh.es\/v-congreso-iberico\/wp-json\/wp\/v2\/pages\/314","targetHints":{"allow":["GET"]}}],"collection":[{"href":"https:\/\/amtpfosh.es\/v-congreso-iberico\/wp-json\/wp\/v2\/pages"}],"about":[{"href":"https:\/\/amtpfosh.es\/v-congreso-iberico\/wp-json\/wp\/v2\/types\/page"}],"author":[{"embeddable":true,"href":"https:\/\/amtpfosh.es\/v-congreso-iberico\/wp-json\/wp\/v2\/users\/3"}],"replies":[{"embeddable":true,"href":"https:\/\/amtpfosh.es\/v-congreso-iberico\/wp-json\/wp\/v2\/comments?post=314"}],"version-history":[{"count":9,"href":"https:\/\/amtpfosh.es\/v-congreso-iberico\/wp-json\/wp\/v2\/pages\/314\/revisions"}],"predecessor-version":[{"id":317,"href":"https:\/\/amtpfosh.es\/v-congreso-iberico\/wp-json\/wp\/v2\/pages\/314\/revisions\/317"}],"wp:attachment":[{"href":"https:\/\/amtpfosh.es\/v-congreso-iberico\/wp-json\/wp\/v2\/media?parent=314"}],"curies":[{"name":"wp","href":"https:\/\/api.w.org\/{rel}","templated":true}]}}