{"id":316,"date":"2022-03-31T09:28:45","date_gmt":"2022-03-31T09:28:45","guid":{"rendered":"https:\/\/amtpfosh.es\/v-congreso-iberico\/?page_id=316"},"modified":"2022-11-03T14:35:33","modified_gmt":"2022-11-03T14:35:33","slug":"posters","status":"publish","type":"page","link":"https:\/\/amtpfosh.es\/v-congreso-iberico\/posters\/","title":{"rendered":"Posters"},"content":{"rendered":"[vc_row type=\u00bbin_container\u00bb full_screen_row_position=\u00bbmiddle\u00bb scene_position=\u00bbcenter\u00bb text_color=\u00bbdark\u00bb text_align=\u00bbleft\u00bb overlay_strength=\u00bb0.3&#8243; shape_divider_position=\u00bbbottom\u00bb bg_image_animation=\u00bbnone\u00bb][vc_column column_padding=\u00bbno-extra-padding\u00bb column_padding_position=\u00bball\u00bb background_color_opacity=\u00bb1&#8243; background_hover_color_opacity=\u00bb1&#8243; column_link_target=\u00bb_self\u00bb column_shadow=\u00bbnone\u00bb column_border_radius=\u00bbnone\u00bb width=\u00bb1\/1&#8243; tablet_width_inherit=\u00bbdefault\u00bb tablet_text_alignment=\u00bbdefault\u00bb phone_text_alignment=\u00bbdefault\u00bb column_border_width=\u00bbnone\u00bb column_border_style=\u00bbsolid\u00bb bg_image_animation=\u00bbnone\u00bb][vc_custom_heading text=\u00bbPosters &#8211; Cartazes\u00bb font_container=\u00bbtag:h2|text_align:center|color:%23072e3f\u00bb use_theme_fonts=\u00bbyes\u00bb][divider line_type=\u00bbNo Line\u00bb custom_height=\u00bb30&#8243;][tabbed_section style=\u00bbdefault\u00bb alignment=\u00bbleft\u00bb spacing=\u00bbdefault\u00bb tab_color=\u00bbAccent-Color\u00bb][tab icon_family=\u00bbnone\u00bb title=\u00bbPosters\u00bb id=\u00bb1667486082611-0&#8243; tab_id=\u00bb1667486082612-3&#8243;][vc_column_text]Se invita a presentar propuestas de Posters en el \u00e1mbito tem\u00e1tico del Congreso. Las propuestas deben ser presentadas seg\u00fan el siguiente formato: T\u00edtulo (m\u00e1ximo 10 palabras), junto con un resumen de la presentaci\u00f3n (m\u00e1ximo 300 palabras).<\/p>\n<p>Los posters aceptados deben imprimirse en formato A1 (vertical), y entregados a la secretar\u00eda del congreso el primer d\u00eda de \u00e9ste.<\/p>\n<p>Al menos uno de los autores del Poster debe estar inscrito en el Congreso.<\/p>\n<p>Las propuestas deben enviarse como archivo adjunto a un correo electr\u00f3nico a la siguiente direcci\u00f3n: congreso.amtpfosh@gmail.com<\/p>\n<p>La fecha l\u00edmite para su env\u00edo es el 19 de septiembre de 2022.[\/vc_column_text][\/tab][tab icon_family=\u00bbnone\u00bb title=\u00bbCartazes\u00bb id=\u00bb1667486082640-4&#8243; tab_id=\u00bb1667486082641-0&#8243;][vc_column_text]Convida-se \u00e0 apresenta\u00e7\u00e3o de posters nos \u00e2mbitos tem\u00e1ticos do congresso. As submiss\u00f5es para poster devem ser apresentadas no seguinte formato: t\u00edtulo (m\u00e1ximo 10 palavras) e um resumo (m\u00e1ximo 300 palavras.<\/p>\n<p>Os posters aceites devem ser impressos em A1 (vertical) e entregues no secretariado da confer\u00eancia no primeiro dia do congresso.<\/p>\n<p>Ao menos un dos autores do poster devem estar inscritos no congresso.<\/p>\n<p>As propostas devem ser enviadas em arquivo anexado a um e-mail para o seguinte endere\u00e7o: congreso.amtpfosh@gmail.com<\/p>\n<p>Data limite para as submiss\u00f5es: 19 de setembro de 2022[\/vc_column_text][\/tab][\/tabbed_section][\/vc_column][\/vc_row][vc_row type=\u00bbin_container\u00bb full_screen_row_position=\u00bbmiddle\u00bb scene_position=\u00bbcenter\u00bb text_color=\u00bbdark\u00bb text_align=\u00bbleft\u00bb overlay_strength=\u00bb0.3&#8243; shape_divider_position=\u00bbbottom\u00bb bg_image_animation=\u00bbnone\u00bb][vc_column column_padding=\u00bbno-extra-padding\u00bb column_padding_position=\u00bball\u00bb background_color_opacity=\u00bb1&#8243; background_hover_color_opacity=\u00bb1&#8243; column_link_target=\u00bb_self\u00bb column_shadow=\u00bbnone\u00bb column_border_radius=\u00bbnone\u00bb width=\u00bb1\/1&#8243; tablet_width_inherit=\u00bbdefault\u00bb tablet_text_alignment=\u00bbdefault\u00bb phone_text_alignment=\u00bbdefault\u00bb column_border_width=\u00bbnone\u00bb column_border_style=\u00bbsolid\u00bb bg_image_animation=\u00bbnone\u00bb][nectar_btn size=\u00bblarge\u00bb open_new_tab=\u00bbtrue\u00bb button_style=\u00bbregular\u00bb button_color_2=\u00bbAccent-Color\u00bb icon_family=\u00bbfontawesome\u00bb url=\u00bbhttps:\/\/amtpfosh.es\/v-congreso-iberico\/wp-content\/uploads\/2022\/11\/Posters-iberico.pdf\u00bb text=\u00bbPosters\u00bb icon_fontawesome=\u00bbfa fa-download\u00bb][\/vc_column][\/vc_row]\n","protected":false},"excerpt":{"rendered":"<p>[vc_row type=\u00bbin_container\u00bb full_screen_row_position=\u00bbmiddle\u00bb scene_position=\u00bbcenter\u00bb text_color=\u00bbdark\u00bb text_align=\u00bbleft\u00bb overlay_strength=\u00bb0.3&#8243; shape_divider_position=\u00bbbottom\u00bb bg_image_animation=\u00bbnone\u00bb][vc_column column_padding=\u00bbno-extra-padding\u00bb column_padding_position=\u00bball\u00bb background_color_opacity=\u00bb1&#8243; background_hover_color_opacity=\u00bb1&#8243; column_link_target=\u00bb_self\u00bb column_shadow=\u00bbnone\u00bb column_border_radius=\u00bbnone\u00bb width=\u00bb1\/1&#8243; tablet_width_inherit=\u00bbdefault\u00bb tablet_text_alignment=\u00bbdefault\u00bb phone_text_alignment=\u00bbdefault\u00bb column_border_width=\u00bbnone\u00bb column_border_style=\u00bbsolid\u00bb bg_image_animation=\u00bbnone\u00bb][vc_custom_heading text=\u00bbPosters &#8211; Cartazes\u00bb font_container=\u00bbtag:h2|text_align:center|color:%23072e3f\u00bb use_theme_fonts=\u00bbyes\u00bb][divider line_type=\u00bbNo Line\u00bb&#8230;<\/p>\n","protected":false},"author":3,"featured_media":0,"parent":0,"menu_order":0,"comment_status":"closed","ping_status":"closed","template":"","meta":{"footnotes":""},"class_list":["post-316","page","type-page","status-publish"],"_links":{"self":[{"href":"https:\/\/amtpfosh.es\/v-congreso-iberico\/wp-json\/wp\/v2\/pages\/316","targetHints":{"allow":["GET"]}}],"collection":[{"href":"https:\/\/amtpfosh.es\/v-congreso-iberico\/wp-json\/wp\/v2\/pages"}],"about":[{"href":"https:\/\/amtpfosh.es\/v-congreso-iberico\/wp-json\/wp\/v2\/types\/page"}],"author":[{"embeddable":true,"href":"https:\/\/amtpfosh.es\/v-congreso-iberico\/wp-json\/wp\/v2\/users\/3"}],"replies":[{"embeddable":true,"href":"https:\/\/amtpfosh.es\/v-congreso-iberico\/wp-json\/wp\/v2\/comments?post=316"}],"version-history":[{"count":10,"href":"https:\/\/amtpfosh.es\/v-congreso-iberico\/wp-json\/wp\/v2\/pages\/316\/revisions"}],"predecessor-version":[{"id":580,"href":"https:\/\/amtpfosh.es\/v-congreso-iberico\/wp-json\/wp\/v2\/pages\/316\/revisions\/580"}],"wp:attachment":[{"href":"https:\/\/amtpfosh.es\/v-congreso-iberico\/wp-json\/wp\/v2\/media?parent=316"}],"curies":[{"name":"wp","href":"https:\/\/api.w.org\/{rel}","templated":true}]}}