{"id":337,"date":"2022-04-01T10:48:34","date_gmt":"2022-04-01T10:48:34","guid":{"rendered":"https:\/\/amtpfosh.es\/v-congreso-iberico\/?page_id=337"},"modified":"2022-04-01T12:46:04","modified_gmt":"2022-04-01T12:46:04","slug":"transporte-madrid","status":"publish","type":"page","link":"https:\/\/amtpfosh.es\/v-congreso-iberico\/transporte-madrid\/","title":{"rendered":"Transporte Madrid"},"content":{"rendered":"[vc_row type=\u00bbin_container\u00bb full_screen_row_position=\u00bbmiddle\u00bb scene_position=\u00bbcenter\u00bb text_color=\u00bbdark\u00bb text_align=\u00bbleft\u00bb overlay_strength=\u00bb0.3&#8243; shape_divider_position=\u00bbbottom\u00bb bg_image_animation=\u00bbnone\u00bb][vc_column column_padding=\u00bbno-extra-padding\u00bb column_padding_position=\u00bball\u00bb background_color_opacity=\u00bb1&#8243; background_hover_color_opacity=\u00bb1&#8243; column_link_target=\u00bb_self\u00bb column_shadow=\u00bbnone\u00bb column_border_radius=\u00bbnone\u00bb width=\u00bb1\/1&#8243; tablet_width_inherit=\u00bbdefault\u00bb tablet_text_alignment=\u00bbdefault\u00bb phone_text_alignment=\u00bbdefault\u00bb column_border_width=\u00bbnone\u00bb column_border_style=\u00bbsolid\u00bb bg_image_animation=\u00bbnone\u00bb][vc_custom_heading text=\u00bbTransporte Madrid\u00bb font_container=\u00bbtag:h2|text_align:center|color:%23072e3f\u00bb use_theme_fonts=\u00bbyes\u00bb][divider line_type=\u00bbNo Line\u00bb custom_height=\u00bb30&#8243;][\/vc_column][\/vc_row][vc_row type=\u00bbin_container\u00bb full_screen_row_position=\u00bbmiddle\u00bb scene_position=\u00bbcenter\u00bb text_color=\u00bbdark\u00bb text_align=\u00bbleft\u00bb overlay_strength=\u00bb0.3&#8243; shape_divider_position=\u00bbbottom\u00bb bg_image_animation=\u00bbnone\u00bb][vc_column column_padding=\u00bbno-extra-padding\u00bb column_padding_position=\u00bball\u00bb background_color_opacity=\u00bb1&#8243; background_hover_color_opacity=\u00bb1&#8243; column_link_target=\u00bb_self\u00bb column_shadow=\u00bbnone\u00bb column_border_radius=\u00bbnone\u00bb width=\u00bb1\/1&#8243; tablet_width_inherit=\u00bbdefault\u00bb tablet_text_alignment=\u00bbdefault\u00bb phone_text_alignment=\u00bbdefault\u00bb column_border_width=\u00bbnone\u00bb column_border_style=\u00bbsolid\u00bb bg_image_animation=\u00bbnone\u00bb][vc_row_inner column_margin=\u00bbdefault\u00bb text_align=\u00bbleft\u00bb][vc_column_inner column_padding=\u00bbno-extra-padding\u00bb column_padding_position=\u00bball\u00bb background_color_opacity=\u00bb1&#8243; background_hover_color_opacity=\u00bb1&#8243; column_shadow=\u00bbnone\u00bb column_border_radius=\u00bbnone\u00bb column_link_target=\u00bb_self\u00bb width=\u00bb1\/4&#8243; tablet_width_inherit=\u00bbdefault\u00bb column_border_width=\u00bbnone\u00bb column_border_style=\u00bbsolid\u00bb bg_image_animation=\u00bbnone\u00bb][image_with_animation image_url=\u00bb341&#8243; alignment=\u00bbcenter\u00bb animation=\u00bbFade In\u00bb border_radius=\u00bbnone\u00bb box_shadow=\u00bbnone\u00bb max_width=\u00bb100%\u00bb][\/vc_column_inner][vc_column_inner column_padding=\u00bbno-extra-padding\u00bb column_padding_position=\u00bball\u00bb background_color_opacity=\u00bb1&#8243; background_hover_color_opacity=\u00bb1&#8243; column_shadow=\u00bbnone\u00bb column_border_radius=\u00bbnone\u00bb column_link_target=\u00bb_self\u00bb width=\u00bb3\/4&#8243; tablet_width_inherit=\u00bbdefault\u00bb column_border_width=\u00bbnone\u00bb column_border_style=\u00bbsolid\u00bb bg_image_animation=\u00bbnone\u00bb][vc_custom_heading text=\u00bbMetro\u00bb font_container=\u00bbtag:h3|text_align:left|color:%23072e3f\u00bb use_theme_fonts=\u00bbyes\u00bb][vc_column_text]Encuentra toda la informaci\u00f3n sobre accesos, horarios y servicios de todas las estaciones de Metro.[\/vc_column_text][vc_raw_html]JTNDYSUyMGhyZWYlM0QlMjJodHRwcyUzQSUyRiUyRnd3dy5tZXRyb21hZHJpZC5lcyUyRiUyMiUyMHRhcmdldCUzRCUyMl9ibGFuayUyMiUzRVNpdGlvJTIwd2ViJTNDJTJGYSUzRQ==[\/vc_raw_html][\/vc_column_inner][\/vc_row_inner][divider line_type=\u00bbFull Width Line\u00bb line_thickness=\u00bb1&#8243; divider_color=\u00bbdefault\u00bb custom_height=\u00bb20&#8243;][vc_row_inner column_margin=\u00bbdefault\u00bb text_align=\u00bbleft\u00bb][vc_column_inner column_padding=\u00bbno-extra-padding\u00bb column_padding_position=\u00bball\u00bb background_color_opacity=\u00bb1&#8243; background_hover_color_opacity=\u00bb1&#8243; column_shadow=\u00bbnone\u00bb column_border_radius=\u00bbnone\u00bb column_link_target=\u00bb_self\u00bb width=\u00bb1\/4&#8243; tablet_width_inherit=\u00bbdefault\u00bb column_border_width=\u00bbnone\u00bb column_border_style=\u00bbsolid\u00bb bg_image_animation=\u00bbnone\u00bb][image_with_animation image_url=\u00bb342&#8243; alignment=\u00bbcenter\u00bb animation=\u00bbFade In\u00bb border_radius=\u00bbnone\u00bb box_shadow=\u00bbnone\u00bb max_width=\u00bb100%\u00bb][\/vc_column_inner][vc_column_inner column_padding=\u00bbno-extra-padding\u00bb column_padding_position=\u00bball\u00bb background_color_opacity=\u00bb1&#8243; background_hover_color_opacity=\u00bb1&#8243; column_shadow=\u00bbnone\u00bb column_border_radius=\u00bbnone\u00bb column_link_target=\u00bb_self\u00bb width=\u00bb3\/4&#8243; tablet_width_inherit=\u00bbdefault\u00bb column_border_width=\u00bbnone\u00bb column_border_style=\u00bbsolid\u00bb bg_image_animation=\u00bbnone\u00bb][vc_custom_heading text=\u00bbMetro Ligero y Tranv\u00eda\u00bb font_container=\u00bbtag:h3|text_align:left|color:%23072e3f\u00bb use_theme_fonts=\u00bbyes\u00bb][vc_column_text]Encuentra toda la informaci\u00f3n sobre accesos, horarios y servicios de todas las estaciones de Metro Ligero y Tranv\u00eda.[\/vc_column_text][vc_raw_html]JTNDYSUyMGhyZWYlM0QlMjJodHRwJTNBJTJGJTJGd3d3Lm1ldHJvc2xpZ2Vyb3NkZW1hZHJpZC5lcyUyRiUyMiUyMHRhcmdldCUzRCUyMl9ibGFuayUyMiUzRVNpdGlvJTIwd2ViJTNDJTJGYSUzRQ==[\/vc_raw_html][\/vc_column_inner][\/vc_row_inner][divider line_type=\u00bbFull Width Line\u00bb line_thickness=\u00bb1&#8243; divider_color=\u00bbdefault\u00bb custom_height=\u00bb20&#8243;][vc_row_inner column_margin=\u00bbdefault\u00bb text_align=\u00bbleft\u00bb][vc_column_inner column_padding=\u00bbno-extra-padding\u00bb column_padding_position=\u00bball\u00bb background_color_opacity=\u00bb1&#8243; background_hover_color_opacity=\u00bb1&#8243; column_shadow=\u00bbnone\u00bb column_border_radius=\u00bbnone\u00bb column_link_target=\u00bb_self\u00bb width=\u00bb1\/4&#8243; tablet_width_inherit=\u00bbdefault\u00bb column_border_width=\u00bbnone\u00bb column_border_style=\u00bbsolid\u00bb bg_image_animation=\u00bbnone\u00bb][image_with_animation image_url=\u00bb340&#8243; alignment=\u00bbcenter\u00bb animation=\u00bbFade In\u00bb border_radius=\u00bbnone\u00bb box_shadow=\u00bbnone\u00bb max_width=\u00bb100%\u00bb][\/vc_column_inner][vc_column_inner column_padding=\u00bbno-extra-padding\u00bb column_padding_position=\u00bball\u00bb background_color_opacity=\u00bb1&#8243; background_hover_color_opacity=\u00bb1&#8243; column_shadow=\u00bbnone\u00bb column_border_radius=\u00bbnone\u00bb column_link_target=\u00bb_self\u00bb width=\u00bb3\/4&#8243; tablet_width_inherit=\u00bbdefault\u00bb column_border_width=\u00bbnone\u00bb column_border_style=\u00bbsolid\u00bb bg_image_animation=\u00bbnone\u00bb][vc_custom_heading text=\u00bbAutobuses urbanos de Madrid: EMT\u00bb font_container=\u00bbtag:h3|text_align:left|color:%23072e3f\u00bb use_theme_fonts=\u00bbyes\u00bb][vc_column_text]La Empresa Municipal de Transportes de Madrid es una empresa p\u00fablica que da servicio de transporte p\u00fablico de superficie en la ciudad de Madrid.[\/vc_column_text][vc_raw_html]JTNDYSUyMGhyZWYlM0QlMjJodHRwcyUzQSUyRiUyRnd3dy5lbXRtYWRyaWQuZXMlMkYlMjIlMjB0YXJnZXQlM0QlMjJfYmxhbmslMjIlM0VTaXRpbyUyMHdlYiUzQyUyRmElM0U=[\/vc_raw_html][\/vc_column_inner][\/vc_row_inner][divider line_type=\u00bbFull Width Line\u00bb line_thickness=\u00bb1&#8243; divider_color=\u00bbdefault\u00bb custom_height=\u00bb20&#8243;][vc_row_inner column_margin=\u00bbdefault\u00bb text_align=\u00bbleft\u00bb][vc_column_inner column_padding=\u00bbno-extra-padding\u00bb column_padding_position=\u00bball\u00bb background_color_opacity=\u00bb1&#8243; background_hover_color_opacity=\u00bb1&#8243; column_shadow=\u00bbnone\u00bb column_border_radius=\u00bbnone\u00bb column_link_target=\u00bb_self\u00bb width=\u00bb1\/4&#8243; tablet_width_inherit=\u00bbdefault\u00bb column_border_width=\u00bbnone\u00bb column_border_style=\u00bbsolid\u00bb bg_image_animation=\u00bbnone\u00bb][image_with_animation image_url=\u00bb338&#8243; alignment=\u00bbcenter\u00bb animation=\u00bbFade In\u00bb border_radius=\u00bbnone\u00bb box_shadow=\u00bbnone\u00bb max_width=\u00bb100%\u00bb][\/vc_column_inner][vc_column_inner column_padding=\u00bbno-extra-padding\u00bb column_padding_position=\u00bball\u00bb background_color_opacity=\u00bb1&#8243; background_hover_color_opacity=\u00bb1&#8243; column_shadow=\u00bbnone\u00bb column_border_radius=\u00bbnone\u00bb column_link_target=\u00bb_self\u00bb width=\u00bb3\/4&#8243; tablet_width_inherit=\u00bbdefault\u00bb column_border_width=\u00bbnone\u00bb column_border_style=\u00bbsolid\u00bb bg_image_animation=\u00bbnone\u00bb][vc_custom_heading text=\u00bbAutobuses urbanos de Madrid: EMT\u00bb font_container=\u00bbtag:h3|text_align:left|color:%23072e3f\u00bb use_theme_fonts=\u00bbyes\u00bb][vc_column_text]Los autobuses interurbanos de la Comunidad de Madrid, tambi\u00e9n conocidos como los autobuses verdes de Madrid, conectan distintos municipios de la regi\u00f3n entre s\u00ed y con la capital.[\/vc_column_text][vc_raw_html]JTNDYSUyMGhyZWYlM0QlMjJodHRwcyUzQSUyRiUyRnd3dy5yZWR0cmFuc3BvcnRlLmNvbSUyRm1hZHJpZCUyRmF1dG9idXNlcy1pbnRlcnVyYmFub3MlMkYlMjIlMjB0YXJnZXQlM0QlMjJfYmxhbmslMjIlM0VTaXRpbyUyMHdlYiUzQyUyRmElM0U=[\/vc_raw_html][\/vc_column_inner][\/vc_row_inner][divider line_type=\u00bbFull Width Line\u00bb line_thickness=\u00bb1&#8243; divider_color=\u00bbdefault\u00bb custom_height=\u00bb20&#8243;][vc_row_inner column_margin=\u00bbdefault\u00bb text_align=\u00bbleft\u00bb][vc_column_inner column_padding=\u00bbno-extra-padding\u00bb column_padding_position=\u00bball\u00bb background_color_opacity=\u00bb1&#8243; background_hover_color_opacity=\u00bb1&#8243; column_shadow=\u00bbnone\u00bb column_border_radius=\u00bbnone\u00bb column_link_target=\u00bb_self\u00bb width=\u00bb1\/4&#8243; tablet_width_inherit=\u00bbdefault\u00bb column_border_width=\u00bbnone\u00bb column_border_style=\u00bbsolid\u00bb bg_image_animation=\u00bbnone\u00bb][image_with_animation image_url=\u00bb339&#8243; alignment=\u00bbcenter\u00bb animation=\u00bbFade In\u00bb border_radius=\u00bbnone\u00bb box_shadow=\u00bbnone\u00bb max_width=\u00bb100%\u00bb][\/vc_column_inner][vc_column_inner column_padding=\u00bbno-extra-padding\u00bb column_padding_position=\u00bball\u00bb background_color_opacity=\u00bb1&#8243; background_hover_color_opacity=\u00bb1&#8243; column_shadow=\u00bbnone\u00bb column_border_radius=\u00bbnone\u00bb column_link_target=\u00bb_self\u00bb width=\u00bb3\/4&#8243; tablet_width_inherit=\u00bbdefault\u00bb column_border_width=\u00bbnone\u00bb column_border_style=\u00bbsolid\u00bb bg_image_animation=\u00bbnone\u00bb][vc_custom_heading text=\u00bbCercan\u00edas ferroviarias\u00bb font_container=\u00bbtag:h3|text_align:left|color:%23072e3f\u00bb use_theme_fonts=\u00bbyes\u00bb][vc_column_text]Encuentra toda la informaci\u00f3n sobre accesos, horarios y servicios de todas las estaciones de Cercan\u00edas.[\/vc_column_text][vc_raw_html]JTNDYSUyMGhyZWYlM0QlMjJodHRwcyUzQSUyRiUyRnd3dy5yZW5mZS5jb20lMkZlcyUyRmVzJTJGY2VyY2FuaWFzJTJGY2VyY2FuaWFzLW1hZHJpZCUyMiUyMHRhcmdldCUzRCUyMl9ibGFuayUyMiUzRVNpdGlvJTIwd2ViJTNDJTJGYSUzRQ==[\/vc_raw_html][\/vc_column_inner][\/vc_row_inner][\/vc_column][\/vc_row]\n","protected":false},"excerpt":{"rendered":"<p>[vc_row type=\u00bbin_container\u00bb full_screen_row_position=\u00bbmiddle\u00bb scene_position=\u00bbcenter\u00bb text_color=\u00bbdark\u00bb text_align=\u00bbleft\u00bb overlay_strength=\u00bb0.3&#8243; shape_divider_position=\u00bbbottom\u00bb bg_image_animation=\u00bbnone\u00bb][vc_column column_padding=\u00bbno-extra-padding\u00bb column_padding_position=\u00bball\u00bb background_color_opacity=\u00bb1&#8243; background_hover_color_opacity=\u00bb1&#8243; column_link_target=\u00bb_self\u00bb column_shadow=\u00bbnone\u00bb column_border_radius=\u00bbnone\u00bb width=\u00bb1\/1&#8243; tablet_width_inherit=\u00bbdefault\u00bb tablet_text_alignment=\u00bbdefault\u00bb phone_text_alignment=\u00bbdefault\u00bb column_border_width=\u00bbnone\u00bb column_border_style=\u00bbsolid\u00bb bg_image_animation=\u00bbnone\u00bb][vc_custom_heading text=\u00bbTransporte Madrid\u00bb font_container=\u00bbtag:h2|text_align:center|color:%23072e3f\u00bb use_theme_fonts=\u00bbyes\u00bb][divider line_type=\u00bbNo Line\u00bb custom_height=\u00bb30&#8243;][\/vc_column][\/vc_row][vc_row&#8230;<\/p>\n","protected":false},"author":3,"featured_media":0,"parent":0,"menu_order":0,"comment_status":"closed","ping_status":"closed","template":"","meta":{"footnotes":""},"class_list":["post-337","page","type-page","status-publish"],"_links":{"self":[{"href":"https:\/\/amtpfosh.es\/v-congreso-iberico\/wp-json\/wp\/v2\/pages\/337","targetHints":{"allow":["GET"]}}],"collection":[{"href":"https:\/\/amtpfosh.es\/v-congreso-iberico\/wp-json\/wp\/v2\/pages"}],"about":[{"href":"https:\/\/amtpfosh.es\/v-congreso-iberico\/wp-json\/wp\/v2\/types\/page"}],"author":[{"embeddable":true,"href":"https:\/\/amtpfosh.es\/v-congreso-iberico\/wp-json\/wp\/v2\/users\/3"}],"replies":[{"embeddable":true,"href":"https:\/\/amtpfosh.es\/v-congreso-iberico\/wp-json\/wp\/v2\/comments?post=337"}],"version-history":[{"count":9,"href":"https:\/\/amtpfosh.es\/v-congreso-iberico\/wp-json\/wp\/v2\/pages\/337\/revisions"}],"predecessor-version":[{"id":351,"href":"https:\/\/amtpfosh.es\/v-congreso-iberico\/wp-json\/wp\/v2\/pages\/337\/revisions\/351"}],"wp:attachment":[{"href":"https:\/\/amtpfosh.es\/v-congreso-iberico\/wp-json\/wp\/v2\/media?parent=337"}],"curies":[{"name":"wp","href":"https:\/\/api.w.org\/{rel}","templated":true}]}}